{"id":2,"date":"2022-06-29T18:39:57","date_gmt":"2022-06-29T18:39:57","guid":{"rendered":"http:\/\/defiendase.impulsatuidea.com\/?page_id=2"},"modified":"2022-07-03T20:54:20","modified_gmt":"2022-07-03T20:54:20","slug":"sitios-de-interes","status":"publish","type":"page","link":"https:\/\/defiendase.com\/index.php\/sitios-de-interes\/","title":{"rendered":"Lugares donde recurrir"},"content":{"rendered":"\n<p><strong>LUGARES DONDE POD\u00c9S PRESENTAR TU RECLAMO<\/strong><\/p>\n\n\n\n<p><strong>Superintendencia de Seguros de la Naci\u00f3n<\/strong><br>0800-666-8400<br>consultasydenuncias@ssn.gob.ar<br>http:\/\/www2.ssn.gob.ar<\/p>\n\n\n\n<p><strong>Superintendencia de Servicios de Salud<\/strong><br>0800-222-72583<br>Roque Saenz Pe\u00f1a 530<br>Ciudad Aut\u00f3noma de Buenos Aires<br>Lunes a viernes de 10.00 a 16.00<br>http:\/\/www.sssalud.gov.ar<\/p>\n\n\n\n<p><strong>Superintendencia de Riesgos del Trabajo<\/strong><br>0800-666-6778 &nbsp;<br>Lunes a viernes de 8 a 19 horas.<br>Bartolom\u00e9 Mitre 755 C.A.B.A.<br>o Moreno 401 C.A.B.A., de 9 a 16 horas.<br>http:\/\/www.srt.gob.ar<\/p>\n\n\n\n<p><strong>Defensa del Consumidor de la Naci\u00f3n<\/strong><br>Tel. 0800-666-1518<br>consultas@consumidor.gov.ar<\/p>\n\n\n\n<p><strong>Comisi\u00f3n Nacional de Comunicaciones<\/strong><br>Direcci\u00f3n: Per\u00fa 598 de 8:30 a 16 hs&nbsp;<br>Tel\u00e9fonos: 0800-333-3344&nbsp;<br>Web:&nbsp;<a href=\"http:\/\/www.cnc.gov.ar\/\" target=\"_blank\" rel=\"noreferrer noopener\">www.cnc.gov.ar<\/a>&nbsp;<\/p>\n\n\n\n<p><strong>Ente Nacional Regulador de la Electricidad<\/strong><br>Suipacha 615 de 9 a 18 hs&nbsp;<br>Tel\u00e9fono: 0800-333-3000&nbsp;<br>Web:&nbsp;<a href=\"http:\/\/www.enre.gov.ar\/\" target=\"_blank\" rel=\"noreferrer noopener\">www.enre.gov.ar<\/a>&nbsp;<\/p>\n\n\n\n<p><strong>Ente Nacional Regulador del Gas<\/strong><br>Suipacha 636 de 10 a 17 hs.&nbsp;<br>Tel\u00e9fono: 0800-333-4444&nbsp;<br>Web:&nbsp;<a href=\"http:\/\/www.enargas.gov.ar\/\" target=\"_blank\" rel=\"noreferrer noopener\">www.enargas.gov.ar<\/a>&nbsp;<\/p>\n\n\n\n<p><strong>Ente Regulador de Agua y Saneamiento<\/strong><br>Direcci\u00f3n: Av. Callao 982 de 9 a 17 hs.&nbsp;<br>Tel\u00e9fono: 0800-333-0200&nbsp;<br>Web:&nbsp;<a href=\"http:\/\/www.eras.gov.ar\/\" target=\"_blank\" rel=\"noreferrer noopener\">www.eras.gov.ar<\/a>&nbsp;<\/p>\n\n\n\n<p><strong>Comisi\u00f3n Nacional de Regulaci\u00f3n del Transporte<\/strong><br>Direcci\u00f3n: Maip\u00fa 88 de 9:30 a 16:30 hs.&nbsp;<br>Tel\u00e9fono: 0800-333-0300&nbsp;<br>Web:&nbsp;<a href=\"http:\/\/www.cnrt.gov.ar\/\" target=\"_blank\" rel=\"noreferrer noopener\">www.cnrt.gov.ar<\/a>&nbsp;<\/p>\n\n\n\n<p><strong>Organismo Regulador del Sistema Nacional de Aeropuerto<\/strong>&nbsp;<br>Web:&nbsp;<a href=\"http:\/\/www.orsna.gov.ar\/\" target=\"_blank\" rel=\"noreferrer noopener\">www.orsna.gov.ar<\/a>&nbsp;<\/p>\n\n\n\n<p><strong>Defensor del Pueblo de la Naci\u00f3n<\/strong><br>Direcci\u00f3n: Suipacha 365 de 9:30 a 17:30 HS.&nbsp;<br>Tel\u00e9fono: 0810-333-3762&nbsp;<br>Web:&nbsp;<a href=\"http:\/\/www.defensor.gov.ar\/\" target=\"_blank\" rel=\"noreferrer noopener\">www.defensor.gov.ar<\/a>&nbsp;<\/p>\n\n\n\n<p><strong>Ente Regulador de la Ciudad<\/strong><br>Direcci\u00f3n: Bartolom\u00e9 Mitre 760 PB&nbsp;<br>Tel\u00e9fono: 0800-222-3683&nbsp;<br>Web:&nbsp;<a href=\"http:\/\/www.entedelaciudad.gov.ar\/\" target=\"_blank\" rel=\"noreferrer noopener\">www.entedelaciudad.gov.ar<\/a>&nbsp;<\/p>\n\n\n\n<p><strong>Defensor\u00eda del pueblo de la Ciudad de Buenos Aires<\/strong><br>Direcci\u00f3n: Venezuela 842 de 10 a 18 hs&nbsp;<br>Tel\u00e9fono: 4338-4900&nbsp;<br>Web:&nbsp;<a href=\"http:\/\/www.defensoria.org.ar\/\" target=\"_blank\" rel=\"noreferrer noopener\">www.defensoria.org.ar<\/a><\/p>\n\n\n\n<p><strong>AFIP<\/strong><br>http:\/\/www.afip.gob.ar\/<\/p>\n\n\n\n<p><strong>ANSES<\/strong><br>http:\/\/www.anses.gob.ar<\/p>\n\n\n\n<p><strong>EMPRESAS DE SERVICIOS P\u00daBLICOS<\/strong><\/p>\n\n\n\n<p><strong>Edenor<\/strong><br>P\u00e1gina Web:&nbsp;<a href=\"http:\/\/www.edenor.com.ar\/\" target=\"_blank\" rel=\"noreferrer noopener\">www.edenor.com.ar<\/a>&nbsp;<br>TEL: 0800-666-4001\/4004<\/p>\n\n\n\n<p><strong>Edesur<\/strong><br>P\u00e1gina Web:&nbsp;<a href=\"http:\/\/www.edesur.com.ar\/\" target=\"_blank\" rel=\"noreferrer noopener\">www.edesur.com.ar<\/a>&nbsp;<br>TEL: 0800-333-3787<\/p>\n\n\n\n<p><strong>Telecom<\/strong><br>P\u00e1gina Web:&nbsp;<a href=\"http:\/\/www.telecom.com.ar\/\" target=\"_blank\" rel=\"noreferrer noopener\">www.telecom.com.ar<\/a>&nbsp;<br>TEL: 0800-888-3534<\/p>\n\n\n\n<p><strong>Telef\u00f3nica de Argentina<\/strong><br>P\u00e1gina Web:&nbsp;<a href=\"http:\/\/www.telefonica.com.ar\/\" target=\"_blank\" rel=\"noreferrer noopener\">www.telefonica.com.ar<\/a>&nbsp;<br>TEL: 0800-222-8112<\/p>\n\n\n\n<p><strong>Metrogas<\/strong><br>P\u00e1gina Web:&nbsp;<a href=\"http:\/\/www.metrogas.com.ar\/\" target=\"_blank\" rel=\"noreferrer noopener\">www.metrogas.com.ar<\/a>&nbsp;<br>TEL: 4309-1000<\/p>\n\n\n\n<p><strong>Gas Natural BAN<\/strong><br>P\u00e1gina Web:&nbsp;<a href=\"http:\/\/www.gasnaturalban.com\/\" target=\"_blank\" rel=\"noreferrer noopener\">www.gasnaturalban.com<\/a>&nbsp;<br>TEL: 0800-888-1137<\/p>\n\n\n\n<p><strong>AySa<\/strong><br>P\u00e1gina Web:&nbsp;<a href=\"http:\/\/www.aysa.com.ar\/\" target=\"_blank\" rel=\"noreferrer noopener\">www.aysa.com.ar<\/a>&nbsp;<br>TEL: 0800-321-2482<\/p>\n\n\n\n<p><\/p>\n","protected":false},"excerpt":{"rendered":"<p>LUGARES DONDE POD\u00c9S PRESENTAR TU RECLAMO Superintendencia de Seguros de la Naci\u00f3n0800-666-8400consultasydenuncias@ssn.gob.arhttp:\/\/www2.ssn.gob.ar Superintendencia de Servicios<\/p>\n","protected":false},"author":1,"featured_media":855,"parent":0,"menu_order":0,"comment_status":"closed","ping_status":"closed","template":"","meta":{"om_disable_all_campaigns":false,"_monsterinsights_skip_tracking":false,"_monsterinsights_sitenote_active":false,"_monsterinsights_sitenote_note":"","_monsterinsights_sitenote_category":0},"aioseo_notices":[],"post_mailing_queue_ids":[],"_links":{"self":[{"href":"https:\/\/defiendase.com\/index.php\/wp-json\/wp\/v2\/pages\/2"}],"collection":[{"href":"https:\/\/defiendase.com\/index.php\/wp-json\/wp\/v2\/pages"}],"about":[{"href":"https:\/\/defiendase.com\/index.php\/wp-json\/wp\/v2\/types\/page"}],"author":[{"embeddable":true,"href":"https:\/\/defiendase.com\/index.php\/wp-json\/wp\/v2\/users\/1"}],"replies":[{"embeddable":true,"href":"https:\/\/defiendase.com\/index.php\/wp-json\/wp\/v2\/comments?post=2"}],"version-history":[{"count":2,"href":"https:\/\/defiendase.com\/index.php\/wp-json\/wp\/v2\/pages\/2\/revisions"}],"predecessor-version":[{"id":844,"href":"https:\/\/defiendase.com\/index.php\/wp-json\/wp\/v2\/pages\/2\/revisions\/844"}],"wp:featuredmedia":[{"embeddable":true,"href":"https:\/\/defiendase.com\/index.php\/wp-json\/wp\/v2\/media\/855"}],"wp:attachment":[{"href":"https:\/\/defiendase.com\/index.php\/wp-json\/wp\/v2\/media?parent=2"}],"curies":[{"name":"wp","href":"https:\/\/api.w.org\/{rel}","templated":true}]}}